{"id":77,"date":"2019-03-14T11:06:14","date_gmt":"2019-03-14T11:06:14","guid":{"rendered":"http:\/\/sports-car-club-stuttgart.de\/?page_id=77"},"modified":"2022-03-24T18:47:48","modified_gmt":"2022-03-24T18:47:48","slug":"das-vorstandsteam-des-sccs","status":"publish","type":"page","link":"https:\/\/sports-car-club-stuttgart.de\/?page_id=77","title":{"rendered":"Das Vorstandsteam des SCCS"},"content":{"rendered":"\n<p><strong>Vorstandsmitglieder:<\/strong><\/p>\n\n\n\n<p>Pr\u00e4sident:&nbsp;<\/p>\n\n\n\n<p>Thomas Kammerer, Hessigheim<\/p>\n\n\n\n<p>2. Vorsitzender:<\/p>\n\n\n\n<p>Lutz Schulz, Pforzheim<\/p>\n\n\n\n<p>Schatzmeisterin:<\/p>\n\n\n\n<p>Helga M\u00fchlh\u00e4user, Leinfelden<\/p>\n\n\n\n<p>Sport- und Jugendleiter:\u00a0\u00a0<\/p>\n\n\n\n<p>Christian Kammerer, Asperg<\/p>\n\n\n\n<p>Schriftf\u00fchrerin:<\/p>\n\n\n\n<p>Ines Thomsen, Stuttgart<\/p>\n\n\n\n<p>Touristikleiter:<\/p>\n\n\n\n<p>Thomas Thomsen, Pforzheim<\/p>\n\n\n\n<p><\/p>\n","protected":false},"excerpt":{"rendered":"<p>Vorstandsmitglieder: Pr\u00e4sident:&nbsp; Thomas Kammerer, Hessigheim 2. Vorsitzender: Lutz Schulz, Pforzheim Schatzmeisterin: Helga M\u00fchlh\u00e4user, Leinfelden Sport- und Jugendleiter:\u00a0\u00a0 Christian Kammerer, Asperg Schriftf\u00fchrerin: Ines Thomsen, Stuttgart Touristikleiter: Thomas Thomsen, Pforzheim<\/p>\n","protected":false},"author":1,"featured_media":0,"parent":0,"menu_order":0,"comment_status":"closed","ping_status":"closed","template":"","meta":{"site-sidebar-layout":"default","site-content-layout":"default","ast-global-header-display":"","ast-banner-title-visibility":"","ast-main-header-display":"","ast-hfb-above-header-display":"","ast-hfb-below-header-display":"","ast-hfb-mobile-header-display":"","site-post-title":"","ast-breadcrumbs-content":"","ast-featured-img":"","footer-sml-layout":"","theme-transparent-header-meta":"default","adv-header-id-meta":"","stick-header-meta":"","header-above-stick-meta":"","header-main-stick-meta":"","header-below-stick-meta":""},"_links":{"self":[{"href":"https:\/\/sports-car-club-stuttgart.de\/index.php?rest_route=\/wp\/v2\/pages\/77"}],"collection":[{"href":"https:\/\/sports-car-club-stuttgart.de\/index.php?rest_route=\/wp\/v2\/pages"}],"about":[{"href":"https:\/\/sports-car-club-stuttgart.de\/index.php?rest_route=\/wp\/v2\/types\/page"}],"author":[{"embeddable":true,"href":"https:\/\/sports-car-club-stuttgart.de\/index.php?rest_route=\/wp\/v2\/users\/1"}],"replies":[{"embeddable":true,"href":"https:\/\/sports-car-club-stuttgart.de\/index.php?rest_route=%2Fwp%2Fv2%2Fcomments&post=77"}],"version-history":[{"count":5,"href":"https:\/\/sports-car-club-stuttgart.de\/index.php?rest_route=\/wp\/v2\/pages\/77\/revisions"}],"predecessor-version":[{"id":351,"href":"https:\/\/sports-car-club-stuttgart.de\/index.php?rest_route=\/wp\/v2\/pages\/77\/revisions\/351"}],"wp:attachment":[{"href":"https:\/\/sports-car-club-stuttgart.de\/index.php?rest_route=%2Fwp%2Fv2%2Fmedia&parent=77"}],"curies":[{"name":"wp","href":"https:\/\/api.w.org\/{rel}","templated":true}]}}