{"id":72,"date":"2019-03-14T10:57:42","date_gmt":"2019-03-14T10:57:42","guid":{"rendered":"http:\/\/sports-car-club-stuttgart.de\/?page_id=72"},"modified":"2019-03-14T14:40:11","modified_gmt":"2019-03-14T14:40:11","slug":"wir-ueber-uns","status":"publish","type":"page","link":"https:\/\/sports-car-club-stuttgart.de\/?page_id=72","title":{"rendered":"Wir \u00fcber uns"},"content":{"rendered":"\n<p>Der SCCS e.V. wurde im Jahr 1960 als deutsch-amerikanischer  Motorsportclub gegr\u00fcndet und hatte das Bestreben, die deutsch-amerikanische Freundschaft \u00fcber gemeinsam durchgef\u00fchrte Motorsportveranstaltungen zu f\u00f6rdern.<\/p>\n\n\n\n<p>Heute sind wir ein rein deutscher Motorsportclub im ADAC, der au\u00dfer den motorsportlichen Veranstaltungen auch das gesellige Miteinander der Mitglieder und deren Freunde pflegt.<\/p>\n\n\n\n<p>G\u00e4ste sind bei allen unseren Veranstaltung gern willkommen.<\/p>\n\n\n\n<p>Als Clublokal&nbsp;haben wir die R\u00e4umlichkeiten des&nbsp; Hotelrestaurants Kulinarium an der Glems gew\u00e4hlt. Dort treffen wir uns in unregelm\u00e4\u00dfigen Abst\u00e4nden zu unseren Abendveranstaltungen, die wir vorher in unseren Clubmitteilungen bekanntgeben. Der SCCS e.V. ist im Stuttgarter und S\u00fcddeutschen Raum seit Jahrzehnten eine feste Gr\u00f6\u00dfe im&nbsp;Automobil-Slalomsport. Ob Club- oder DMSB-Slalom, als&nbsp;langj\u00e4hriger Ausrichter mit einem Vorstand aus ehemaligen&nbsp;Aktiven&nbsp;und&nbsp;erfahrenen Funktion\u00e4ren, sind wir immer bem\u00fcht, attraktive und fahrerisch anspruchsvolle&nbsp;Veranstaltungen&nbsp;zu pr\u00e4sentieren.<\/p>\n\n\n\n<div style=\"height:100px\" aria-hidden=\"true\" class=\"wp-block-spacer\"><\/div>\n\n\n\n<p><\/p>\n","protected":false},"excerpt":{"rendered":"<p>Der SCCS e.V. wurde im Jahr 1960 als deutsch-amerikanischer Motorsportclub gegr\u00fcndet und hatte das Bestreben, die deutsch-amerikanische Freundschaft \u00fcber gemeinsam durchgef\u00fchrte Motorsportveranstaltungen zu f\u00f6rdern. Heute sind wir ein rein deutscher Motorsportclub im ADAC, der au\u00dfer den motorsportlichen Veranstaltungen auch das gesellige Miteinander der Mitglieder und deren Freunde pflegt. G\u00e4ste sind bei allen unseren Veranstaltung gern &hellip;<\/p>\n<p class=\"read-more\"> <a class=\"\" href=\"https:\/\/sports-car-club-stuttgart.de\/?page_id=72\"> <span class=\"screen-reader-text\">Wir \u00fcber uns<\/span> Weiterlesen &raquo;<\/a><\/p>\n","protected":false},"author":1,"featured_media":0,"parent":0,"menu_order":0,"comment_status":"closed","ping_status":"closed","template":"","meta":{"site-sidebar-layout":"default","site-content-layout":"default","ast-global-header-display":"","ast-banner-title-visibility":"","ast-main-header-display":"","ast-hfb-above-header-display":"","ast-hfb-below-header-display":"","ast-hfb-mobile-header-display":"","site-post-title":"","ast-breadcrumbs-content":"","ast-featured-img":"","footer-sml-layout":"","theme-transparent-header-meta":"","adv-header-id-meta":"","stick-header-meta":"","header-above-stick-meta":"","header-main-stick-meta":"","header-below-stick-meta":""},"_links":{"self":[{"href":"https:\/\/sports-car-club-stuttgart.de\/index.php?rest_route=\/wp\/v2\/pages\/72"}],"collection":[{"href":"https:\/\/sports-car-club-stuttgart.de\/index.php?rest_route=\/wp\/v2\/pages"}],"about":[{"href":"https:\/\/sports-car-club-stuttgart.de\/index.php?rest_route=\/wp\/v2\/types\/page"}],"author":[{"embeddable":true,"href":"https:\/\/sports-car-club-stuttgart.de\/index.php?rest_route=\/wp\/v2\/users\/1"}],"replies":[{"embeddable":true,"href":"https:\/\/sports-car-club-stuttgart.de\/index.php?rest_route=%2Fwp%2Fv2%2Fcomments&post=72"}],"version-history":[{"count":4,"href":"https:\/\/sports-car-club-stuttgart.de\/index.php?rest_route=\/wp\/v2\/pages\/72\/revisions"}],"predecessor-version":[{"id":250,"href":"https:\/\/sports-car-club-stuttgart.de\/index.php?rest_route=\/wp\/v2\/pages\/72\/revisions\/250"}],"wp:attachment":[{"href":"https:\/\/sports-car-club-stuttgart.de\/index.php?rest_route=%2Fwp%2Fv2%2Fmedia&parent=72"}],"curies":[{"name":"wp","href":"https:\/\/api.w.org\/{rel}","templated":true}]}}