{"id":200,"date":"2019-03-14T13:20:31","date_gmt":"2019-03-14T13:20:31","guid":{"rendered":"http:\/\/sports-car-club-stuttgart.de\/?page_id=200"},"modified":"2019-03-15T07:51:26","modified_gmt":"2019-03-15T07:51:26","slug":"wuerttembergischer-adac-slalom-cup","status":"publish","type":"page","link":"https:\/\/sports-car-club-stuttgart.de\/?page_id=200","title":{"rendered":"W\u00fcrttembergischer ADAC Slalom Pokal"},"content":{"rendered":"\n<p><strong>Liebe Freunde des Automobil-Slalomsports,<\/strong><\/p>\n\n\n\n<p>der Automobil-Clubslalom im Bereich des ADAC W\u00fcrttemberg wird mit der Saison 2019 neu ausgerichtet. Die bestehenden Regionalserien gehen in der W\u00fcrttembergische Clubslalom-Vereinigung (WCV) auf, die gemeinsam mit dem ADAC W\u00fcrttemberg den W\u00fcrttembergischen ADAC Slalom Pokal (WASP) ausschreibt. In zwei Regionen werden dann zwischen M\u00e4rz und Mitte September jeweils zehn L\u00e4ufe ausgefahren. Die erfolgreichen Fahrerinnen und Fahrer treffen sich am 29. September 2019 auf dem ADAC Verkehrs\u00fcbungsplatz Solitude zum Endlauf.<\/p>\n\n\n\n<p>Kompakt, transparent, relevant: Mit der strukturellen Neuausrichtung wird der Slalomsport in W\u00fcrttemberg f\u00fcr die Teilnehmer \u00fcbersichtlicher, die organisatorischen Ressourcen k\u00f6nnen dadurch besser geb\u00fcndelt werden. Federf\u00fchrend f\u00fcr die Umstrukturierung war ein Arbeitskreis aus ehrenamtlich engagierten ADAC Ortsclubs-Mitgliedern, der die neue Struktur ausgearbeitet und den slalominteressierten Vereinen vorgestellt hat.<\/p>\n\n\n\n<p>Die Einzelheiten f\u00fcr die Teilnahme entnehmen Sie der Ausschreibung in diesem <a href=\"https:\/\/www.schwaben-motorsport.de\/downloads\/wasp_begleit_2019.pdf\" target=\"_blank\" rel=\"noreferrer noopener\" aria-label=\"Booklet (\u00f6ffnet in neuem Tab)\">Booklet<\/a>. <\/p>\n\n\n\n<p><strong><em>Dieter Ro\u00dfkopf<br>Vorsitzender des Vorstands\/ADAC W\u00fcrttemberg e.V.<\/em><\/strong><\/p>\n","protected":false},"excerpt":{"rendered":"<p>Liebe Freunde des Automobil-Slalomsports, der Automobil-Clubslalom im Bereich des ADAC W\u00fcrttemberg wird mit der Saison 2019 neu ausgerichtet. Die bestehenden Regionalserien gehen in der W\u00fcrttembergische Clubslalom-Vereinigung (WCV) auf, die gemeinsam mit dem ADAC W\u00fcrttemberg den W\u00fcrttembergischen ADAC Slalom Pokal (WASP) ausschreibt. In zwei Regionen werden dann zwischen M\u00e4rz und Mitte September jeweils zehn L\u00e4ufe ausgefahren. &hellip;<\/p>\n<p class=\"read-more\"> <a class=\"\" href=\"https:\/\/sports-car-club-stuttgart.de\/?page_id=200\"> <span class=\"screen-reader-text\">W\u00fcrttembergischer ADAC Slalom Pokal<\/span> Weiterlesen &raquo;<\/a><\/p>\n","protected":false},"author":1,"featured_media":0,"parent":0,"menu_order":0,"comment_status":"closed","ping_status":"closed","template":"","meta":{"site-sidebar-layout":"default","site-content-layout":"default","ast-global-header-display":"","ast-banner-title-visibility":"","ast-main-header-display":"","ast-hfb-above-header-display":"","ast-hfb-below-header-display":"","ast-hfb-mobile-header-display":"","site-post-title":"","ast-breadcrumbs-content":"","ast-featured-img":"","footer-sml-layout":"","theme-transparent-header-meta":"","adv-header-id-meta":"","stick-header-meta":"","header-above-stick-meta":"","header-main-stick-meta":"","header-below-stick-meta":""},"_links":{"self":[{"href":"https:\/\/sports-car-club-stuttgart.de\/index.php?rest_route=\/wp\/v2\/pages\/200"}],"collection":[{"href":"https:\/\/sports-car-club-stuttgart.de\/index.php?rest_route=\/wp\/v2\/pages"}],"about":[{"href":"https:\/\/sports-car-club-stuttgart.de\/index.php?rest_route=\/wp\/v2\/types\/page"}],"author":[{"embeddable":true,"href":"https:\/\/sports-car-club-stuttgart.de\/index.php?rest_route=\/wp\/v2\/users\/1"}],"replies":[{"embeddable":true,"href":"https:\/\/sports-car-club-stuttgart.de\/index.php?rest_route=%2Fwp%2Fv2%2Fcomments&post=200"}],"version-history":[{"count":4,"href":"https:\/\/sports-car-club-stuttgart.de\/index.php?rest_route=\/wp\/v2\/pages\/200\/revisions"}],"predecessor-version":[{"id":262,"href":"https:\/\/sports-car-club-stuttgart.de\/index.php?rest_route=\/wp\/v2\/pages\/200\/revisions\/262"}],"wp:attachment":[{"href":"https:\/\/sports-car-club-stuttgart.de\/index.php?rest_route=%2Fwp%2Fv2%2Fmedia&parent=200"}],"curies":[{"name":"wp","href":"https:\/\/api.w.org\/{rel}","templated":true}]}}